{"id":279,"date":"2023-05-25T10:16:59","date_gmt":"2023-05-25T08:16:59","guid":{"rendered":"http:\/\/level2.at\/projects\/HPBRG\/?page_id=279"},"modified":"2023-05-25T10:17:52","modified_gmt":"2023-05-25T08:17:52","slug":"aktivitaten","status":"publish","type":"page","link":"http:\/\/level2.at\/projects\/HPBRG\/aktivitaten\/","title":{"rendered":"Aktivit\u00e4ten"},"content":{"rendered":"\n<div style=\"--tw-gap-y:48px;--tw-gap-y:48px;\" class=\"wp-block-query alignwide is-layout-constrained tw-custom-gap\"><ul class=\"is-flex-container columns-3 has-link-color alignwide wp-block-post-template wp-elements-780e11e4febbe52a8e9f3f44ace99429 is-layout-flow\"><li class=\"wp-block-post post-99 post type-post status-publish format-standard has-post-thumbnail hentry category-allgemein\">\n\n<div class=\"wp-block-group is-layout-flow wp-elements-bb3f86aa484237c0480e9449f152d859\"><figure style=\"margin-bottom:30px;\" class=\"tw-img-ratio-3-2 is-style-tw-shadow wp-block-post-featured-image\"><a href=\"http:\/\/level2.at\/projects\/HPBRG\/franzoesisches-fruehstueck\/\" target=\"_self\"  ><img width=\"1454\" height=\"811\" src=\"http:\/\/level2.at\/projects\/HPBRG\/wp-content\/uploads\/2023\/02\/Franzoesisches-Fruehstueck_2022.jpg\" class=\"attachment-post-thumbnail size-post-thumbnail wp-post-image\" alt=\"Franz\u00f6sisches Fr\u00fchst\u00fcck\" decoding=\"async\" loading=\"lazy\" srcset=\"http:\/\/level2.at\/projects\/HPBRG\/wp-content\/uploads\/2023\/02\/Franzoesisches-Fruehstueck_2022.jpg 1454w, http:\/\/level2.at\/projects\/HPBRG\/wp-content\/uploads\/2023\/02\/Franzoesisches-Fruehstueck_2022-300x167.jpg 300w, http:\/\/level2.at\/projects\/HPBRG\/wp-content\/uploads\/2023\/02\/Franzoesisches-Fruehstueck_2022-1024x571.jpg 1024w, http:\/\/level2.at\/projects\/HPBRG\/wp-content\/uploads\/2023\/02\/Franzoesisches-Fruehstueck_2022-768x428.jpg 768w\" sizes=\"(max-width: 1454px) 100vw, 1454px\" \/><\/a><\/figure>\n\n<h2 class=\"tw-link-hover-underline wp-block-post-title has-large-font-size\">Franz\u00f6sisches Fr\u00fchst\u00fcck<\/h2>\n\n<div class=\"wp-block-post-excerpt\"><p class=\"wp-block-post-excerpt__excerpt\">\u00ab Un petit d\u00e9jeuner \u00e0 la fran\u00e7aise \u00bb &#8211; die \u00ab Franz\u00f6sinnen \u00bb und \u00ab Franzosen \u00bb der Maturaklassen feiern ihren Abschied <\/p><\/div>\n\n\n<div class=\"wp-block-group has-small-font-size is-layout-flex wp-container-10\"><div class=\"wp-block-post-date\"><time datetime=\"2023-02-01T13:46:10+01:00\">Feb. 1, 2023<\/time><\/div>\n\n\n<p>\u00b7<\/p>\n\n\n<div class=\"taxonomy-category has-text-color has-foreground-color tw-link-hover-underline wp-block-post-terms\"><a href=\"http:\/\/level2.at\/projects\/HPBRG\/category\/allgemein\/\" rel=\"tag\">Allgemein<\/a><\/div><\/div>\n<\/div>\n\n<\/li><li class=\"wp-block-post post-95 post type-post status-publish format-standard has-post-thumbnail hentry category-allgemein tag-spende tag-ukraine\">\n\n<div class=\"wp-block-group is-layout-flow wp-elements-bb3f86aa484237c0480e9449f152d859\"><figure style=\"margin-bottom:30px;\" class=\"tw-img-ratio-3-2 is-style-tw-shadow wp-block-post-featured-image\"><a href=\"http:\/\/level2.at\/projects\/HPBRG\/osterkerzen-spendenaktion-fuer-die-ukraine\/\" target=\"_self\"  ><img width=\"1706\" height=\"1280\" src=\"http:\/\/level2.at\/projects\/HPBRG\/wp-content\/uploads\/2023\/02\/202122_Osterkerzen.jpg\" class=\"attachment-post-thumbnail size-post-thumbnail wp-post-image\" alt=\"Osterkerzen-Spendenaktion f\u00fcr die Ukraine\" decoding=\"async\" loading=\"lazy\" srcset=\"http:\/\/level2.at\/projects\/HPBRG\/wp-content\/uploads\/2023\/02\/202122_Osterkerzen.jpg 1706w, http:\/\/level2.at\/projects\/HPBRG\/wp-content\/uploads\/2023\/02\/202122_Osterkerzen-300x225.jpg 300w, http:\/\/level2.at\/projects\/HPBRG\/wp-content\/uploads\/2023\/02\/202122_Osterkerzen-1024x768.jpg 1024w, http:\/\/level2.at\/projects\/HPBRG\/wp-content\/uploads\/2023\/02\/202122_Osterkerzen-768x576.jpg 768w, http:\/\/level2.at\/projects\/HPBRG\/wp-content\/uploads\/2023\/02\/202122_Osterkerzen-1536x1152.jpg 1536w\" sizes=\"(max-width: 1706px) 100vw, 1706px\" \/><\/a><\/figure>\n\n<h2 class=\"tw-link-hover-underline wp-block-post-title has-large-font-size\">Osterkerzen-Spendenaktion f\u00fcr die Ukraine<\/h2>\n\n<div class=\"wp-block-post-excerpt\"><p class=\"wp-block-post-excerpt__excerpt\">Im Rahmen des Religionsunterrichts haben die Klassen 5am und 5dm \u2013 mit Unterst\u00fctzung von Herrn Professor Reidlinger und Herrn Professor Sochor \u2013 eine Spendenaktion zu Gunsten der Ukraine auf die Beine gestellt. <\/p><\/div>\n\n\n<div class=\"wp-block-group has-small-font-size is-layout-flex wp-container-12\"><div class=\"wp-block-post-date\"><time datetime=\"2023-02-01T13:45:11+01:00\">Feb. 1, 2023<\/time><\/div>\n\n\n<p>\u00b7<\/p>\n\n\n<div class=\"taxonomy-category has-text-color has-foreground-color tw-link-hover-underline wp-block-post-terms\"><a href=\"http:\/\/level2.at\/projects\/HPBRG\/category\/allgemein\/\" rel=\"tag\">Allgemein<\/a><\/div><\/div>\n<\/div>\n\n<\/li><li class=\"wp-block-post post-87 post type-post status-publish format-standard has-post-thumbnail hentry category-allgemein\">\n\n<div class=\"wp-block-group is-layout-flow wp-elements-bb3f86aa484237c0480e9449f152d859\"><figure style=\"margin-bottom:30px;\" class=\"tw-img-ratio-3-2 is-style-tw-shadow wp-block-post-featured-image\"><a href=\"http:\/\/level2.at\/projects\/HPBRG\/wenn-der-wind-weht-binsect-und-hundertwasserausstellung\/\" target=\"_self\"  ><img width=\"330\" height=\"197\" src=\"http:\/\/level2.at\/projects\/HPBRG\/wp-content\/uploads\/2023\/02\/Bild3.png\" class=\"attachment-post-thumbnail size-post-thumbnail wp-post-image\" alt=\"Wenn der Wind weht, BINSECT und Hundertwasserausstellung\" decoding=\"async\" loading=\"lazy\" srcset=\"http:\/\/level2.at\/projects\/HPBRG\/wp-content\/uploads\/2023\/02\/Bild3.png 330w, http:\/\/level2.at\/projects\/HPBRG\/wp-content\/uploads\/2023\/02\/Bild3-300x179.png 300w\" sizes=\"(max-width: 330px) 100vw, 330px\" \/><\/a><\/figure>\n\n<h2 class=\"tw-link-hover-underline wp-block-post-title has-large-font-size\">Wenn der Wind weht, BINSECT und Hundertwasserausstellung<\/h2>\n\n<div class=\"wp-block-post-excerpt\"><p class=\"wp-block-post-excerpt__excerpt\">Am 2. Juni 2022 besuchten die BIUK- Wapfl- Sch\u00fcler:innen eine Ausstellungsf\u00fchrung im KUNST HAUS WIEN. <\/p><\/div>\n\n\n<div class=\"wp-block-group has-small-font-size is-layout-flex wp-container-14\"><div class=\"wp-block-post-date\"><time datetime=\"2023-02-01T13:27:40+01:00\">Feb. 1, 2023<\/time><\/div>\n\n\n<p>\u00b7<\/p>\n\n\n<div class=\"taxonomy-category has-text-color has-foreground-color tw-link-hover-underline wp-block-post-terms\"><a href=\"http:\/\/level2.at\/projects\/HPBRG\/category\/allgemein\/\" rel=\"tag\">Allgemein<\/a><\/div><\/div>\n<\/div>\n\n<\/li><\/ul>\n\n<nav class=\"tw-mt-9 wp-block-query-pagination is-horizontal is-content-justification-center is-layout-flex wp-container-17\" aria-label=\"Seitennummerierung\">\n\n\n<div class=\"wp-block-query-pagination-numbers\"><span aria-current=\"page\" class=\"page-numbers current\">1<\/span>\n<a class=\"page-numbers\" href=\"?query-111-page=2\">2<\/a>\n<a class=\"page-numbers\" href=\"?query-111-page=3\">3<\/a><\/div>\n\n<a href=\"\/projects\/HPBRG\/wp-json\/wp\/v2\/pages\/279?query-111-page=2\" class=\"wp-block-query-pagination-next\">Next<span class='wp-block-query-pagination-next-arrow is-arrow-chevron' aria-hidden='true'>\u00bb<\/span><\/a>\n<\/nav><\/div>\n","protected":false},"excerpt":{"rendered":"","protected":false},"author":1,"featured_media":0,"parent":0,"menu_order":0,"comment_status":"closed","ping_status":"closed","template":"","meta":{"_editorskit_title_hidden":false,"_editorskit_reading_time":0,"_editorskit_is_block_options_detached":false,"_editorskit_block_options_position":"{}"},"relative_dates":{"created":"3\u00a0Jahren ago","modified":"3\u00a0Jahren ago"},"publishpress_future_action":{"enabled":false,"date":"1970-01-01 01:00:00","action":"","terms":[],"taxonomy":"","browser_timezone_offset":0},"_links":{"self":[{"href":"http:\/\/level2.at\/projects\/HPBRG\/wp-json\/wp\/v2\/pages\/279"}],"collection":[{"href":"http:\/\/level2.at\/projects\/HPBRG\/wp-json\/wp\/v2\/pages"}],"about":[{"href":"http:\/\/level2.at\/projects\/HPBRG\/wp-json\/wp\/v2\/types\/page"}],"author":[{"embeddable":true,"href":"http:\/\/level2.at\/projects\/HPBRG\/wp-json\/wp\/v2\/users\/1"}],"replies":[{"embeddable":true,"href":"http:\/\/level2.at\/projects\/HPBRG\/wp-json\/wp\/v2\/comments?post=279"}],"version-history":[{"count":2,"href":"http:\/\/level2.at\/projects\/HPBRG\/wp-json\/wp\/v2\/pages\/279\/revisions"}],"predecessor-version":[{"id":281,"href":"http:\/\/level2.at\/projects\/HPBRG\/wp-json\/wp\/v2\/pages\/279\/revisions\/281"}],"wp:attachment":[{"href":"http:\/\/level2.at\/projects\/HPBRG\/wp-json\/wp\/v2\/media?parent=279"}],"curies":[{"name":"wp","href":"https:\/\/api.w.org\/{rel}","templated":true}]}}