{"id":302,"date":"2023-06-01T09:58:18","date_gmt":"2023-06-01T07:58:18","guid":{"rendered":"http:\/\/level2.at\/projects\/HPBRG\/?page_id=302"},"modified":"2023-06-01T09:58:19","modified_gmt":"2023-06-01T07:58:19","slug":"schuelerinnenberatung","status":"publish","type":"page","link":"http:\/\/level2.at\/projects\/HPBRG\/schuelerinnenberatung\/","title":{"rendered":"Sch\u00fcler:innenberatung"},"content":{"rendered":"\n<p>Du bist nicht allein! Wir, Mag. Natascha Handl und Mag. Christoph Willinger, sind f\u00fcr dich da!<\/p>\n\n\n\n<h2 class=\"wp-block-heading\">Du brauchst Informationen? Wir informieren und beraten dich<\/h2>\n\n\n\n<ul>\n<li>zu den Schulzweigen nach der 2. Klasse\u00a0 &#8211; Medieninformatik- oder Laborzweig<\/li>\n\n\n\n<li>zu deinen M\u00f6glichkeiten nach der 4. Klasse<\/li>\n\n\n\n<li>zu den Wahlpflichtf\u00e4chern<\/li>\n\n\n\n<li>zu den M\u00f6glichkeiten nach der Matura<\/li>\n<\/ul>\n\n\n\n<h2 class=\"wp-block-heading\">Du brauchst Unterst\u00fctzung und Begleitung? Wir reden vertraulich miteinander<\/h2>\n\n\n\n<ul>\n<li>\u00fcber Lernprobleme<\/li>\n\n\n\n<li>\u00fcber pers\u00f6nliche Probleme innerhalb und au\u00dferhalb der Klasse<\/li>\n\n\n\n<li>\u00fcber schwierige Entscheidungen<\/li>\n\n\n\n<li>\u00fcber etwas, das du mit einem Erwachsenen besprechen m\u00f6chtest<\/li>\n\n\n\n<li>wenn dir etwas zu viel wird<\/li>\n<\/ul>\n\n\n\n<h2 class=\"wp-block-heading\">Wie erreichst du uns?<\/h2>\n\n\n\n<ul>\n<li>Du bist jederzeit in unseren Sprechstunden willkommen.<\/li>\n\n\n\n<li>Per E-Mail oder WebUntis-Mitteilung oder Teams.<\/li>\n\n\n\n<li>Du kommst zum Konferenzzimmer und wir machen uns einen Termin aus.<\/li>\n<\/ul>\n\n\n\n<p><strong>\u00dcbrigens:<\/strong> Alle unsere Gespr\u00e4che sind vertraulich und werden mit der gebotenen Verschwiegenheit behandelt. Und: Wir sind auch f\u00fcr deine Eltern da!<\/p>\n\n\n\n<div class=\"wp-block-columns is-layout-flex wp-container-3\">\n<div class=\"wp-block-column is-layout-flow\">\n<figure class=\"wp-block-image alignleft size-full is-resized\"><img decoding=\"async\" loading=\"lazy\" src=\"http:\/\/level2.at\/projects\/HPBRG\/wp-content\/uploads\/2023\/06\/han.jpg\" alt=\"\" class=\"wp-image-303\" width=\"93\" height=\"139\"\/><figcaption class=\"wp-element-caption\"><a href=\"mailto:han@brg.at\" class=\"ek-link\">han@brg.at<\/a><\/figcaption><\/figure>\n\n\n\n<p><\/p>\n<\/div>\n\n\n\n<div class=\"wp-block-column is-layout-flow\">\n<figure class=\"wp-block-image alignleft size-full is-resized\"><img decoding=\"async\" loading=\"lazy\" src=\"http:\/\/level2.at\/projects\/HPBRG\/wp-content\/uploads\/2023\/06\/wil.jpg\" alt=\"\" class=\"wp-image-304\" width=\"100\" height=\"133\"\/><figcaption class=\"wp-element-caption\"><a href=\"mailto:wil@brg.at\" class=\"ek-link\">wil@brg.at<\/a><\/figcaption><\/figure>\n<\/div>\n<\/div>\n\n\n\n<h2 class=\"wp-block-heading\">1. Problemberatung<\/h2>\n\n\n\n<p>Diese setzt ein bei<\/p>\n\n\n\n<ul>\n<li>Lernproblemen<\/li>\n\n\n\n<li>pers\u00f6nlichen und sozialen Problemen<\/li>\n\n\n\n<li>Verhaltensauff\u00e4lligkeiten<\/li>\n\n\n\n<li>Krankheit<\/li>\n<\/ul>\n\n\n\n<h2 class=\"wp-block-heading\">2. Informationsberatung<\/h2>\n\n\n\n<p>in Form von<\/p>\n\n\n\n<ul>\n<li>Informationen f\u00fcr Eltern und Sch\u00fclerInnen<\/li>\n<\/ul>\n\n\n\n<h2 class=\"wp-block-heading\">3. Systemberatung<\/h2>\n\n\n\n<p>Dazu z\u00e4hlen die Bereiche<\/p>\n\n\n\n<ul>\n<li>Lernempfehlungen (siehe Homepage: Men\u00fc ->Informationen ->Elterninformationen<br>-> 1. Klassen)<\/li>\n\n\n\n<li>nach Bedarf kollegiale Beratung in Klassen<\/li>\n<\/ul>\n\n\n\n<p>Wie arbeiten wir?<\/p>\n\n\n\n<p>Wir bieten Vortr\u00e4ge in den einzelnen Klassen an, f\u00fchren streng vertrauliche Einzelberatungen durch bzw. vermitteln wir weiter, wenn unser eigener Kompetenzbereich ausgesch\u00f6pft ist. In diesen F\u00e4llen wenden wir uns an die Schul\u00e4rztin bzw. an Institutionen wie beispielsweise die Schulpsychologie.<\/p>\n\n\n\n<p>Erreichbar sind wir in unseren Sprechstunden (Michaela Stachl-W\u00f6hrer: Dienstag, 4. Stunde, Marianne Neuber: Donnerstag, 1. Stunde) bzw. nach individueller Vereinbarung.<\/p>\n\n\n\n<p>Sie und Ihre Kinder k\u00f6nnen uns pers\u00f6nlich, telefonisch (02622 2311514) oder per E-Mail kontaktieren.<\/p>\n\n\n\n<p>Die Sch\u00fcler- und Bildungsberaterinnen Michaela Stachl-W\u00f6hrer (<a href=\"mailto:stm@brg.at\" class=\"ek-link\">stm@brg.at<\/a>) und Marianne Neuber(<a href=\"mailto:neu@brg.at\">neu@brg.at<\/a>)<\/p>\n","protected":false},"excerpt":{"rendered":"<p>Du bist nicht allein! Wir, Mag. Natascha Handl und Mag. Christoph Willinger, sind f\u00fcr dich da! Du brauchst Informationen? Wir informieren und beraten dich Du brauchst Unterst\u00fctzung und Begleitung? Wir reden vertraulich miteinander Wie erreichst du uns? \u00dcbrigens: Alle unsere Gespr\u00e4che sind vertraulich und werden mit der gebotenen Verschwiegenheit behandelt. Und: Wir sind auch f\u00fcr [&hellip;]<\/p>\n","protected":false},"author":1,"featured_media":0,"parent":0,"menu_order":0,"comment_status":"closed","ping_status":"closed","template":"","meta":{"_editorskit_title_hidden":false,"_editorskit_reading_time":0,"_editorskit_is_block_options_detached":false,"_editorskit_block_options_position":"{}"},"relative_dates":{"created":"3\u00a0Jahren ago","modified":"3\u00a0Jahren ago"},"publishpress_future_action":{"enabled":false,"date":"1970-01-01 01:00:00","action":"","terms":[],"taxonomy":"","browser_timezone_offset":0},"_links":{"self":[{"href":"http:\/\/level2.at\/projects\/HPBRG\/wp-json\/wp\/v2\/pages\/302"}],"collection":[{"href":"http:\/\/level2.at\/projects\/HPBRG\/wp-json\/wp\/v2\/pages"}],"about":[{"href":"http:\/\/level2.at\/projects\/HPBRG\/wp-json\/wp\/v2\/types\/page"}],"author":[{"embeddable":true,"href":"http:\/\/level2.at\/projects\/HPBRG\/wp-json\/wp\/v2\/users\/1"}],"replies":[{"embeddable":true,"href":"http:\/\/level2.at\/projects\/HPBRG\/wp-json\/wp\/v2\/comments?post=302"}],"version-history":[{"count":2,"href":"http:\/\/level2.at\/projects\/HPBRG\/wp-json\/wp\/v2\/pages\/302\/revisions"}],"predecessor-version":[{"id":308,"href":"http:\/\/level2.at\/projects\/HPBRG\/wp-json\/wp\/v2\/pages\/302\/revisions\/308"}],"wp:attachment":[{"href":"http:\/\/level2.at\/projects\/HPBRG\/wp-json\/wp\/v2\/media?parent=302"}],"curies":[{"name":"wp","href":"https:\/\/api.w.org\/{rel}","templated":true}]}}